{"id":4664,"date":"2020-10-07T15:03:03","date_gmt":"2020-10-07T15:03:03","guid":{"rendered":"https:\/\/www.hfarredocontract.com\/?page_id=4664"},"modified":"2020-10-07T15:06:39","modified_gmt":"2020-10-07T15:06:39","slug":"cookies","status":"publish","type":"page","link":"https:\/\/www.hfarredocontract.com\/en\/cookies\/","title":{"rendered":"Cookies"},"content":{"rendered":"<div class=\"be-section         clearfix\" data-headerscheme=\"background--dark\" style=\" \"  ><div class=\"be-section-pad clearfix \" style=\" padding-top:90px;padding-bottom:90px;\" data-padding-top = \"90\"><div  class=\"be-row be-wrap clearfix \"><div  class=\"one-col column-block clearfix  no-background    \" data-animation=\"\" style=\"  \"><div class=\"be-custom-column-inner\"><h2>Cookies<\/h2>\n<p>Come \u00e8 d&#8217;uso su tutti i siti web, anche questo sito fa uso di cookies, piccoli file di testo che consentono di conservare informazioni sulle preferenze dei visitatori, per migliorare le funzionalit\u00e0 del sito, per semplificarne la navigazione automatizzando le procedure (es. Login, lingua sito) e per l&#8217;analisi dell&#8217;uso del sito.<\/p>\n<p>I cookie di sessione sono essenziali per poter distinguere tra gli utenti collegati, e sono utili per evitare che una funzionalit\u00e0 richiesta possa essere fornita all&#8217;utente sbagliato, nonch\u00e9 per fini di sicurezza per impedire attacchi informatici al sito. I cookie di sessione non contengono dati personali e durano per la sola sessione in corso, cio\u00e8 fino alla chiusura del browser. Per essi non occorre consenso.<\/p>\n<p>I functionality cookie utilizzati dal sito sono strettamente necessari per l&#8217;uso del sito, in particolare sono collegati ad una espressa richiesta di funzionalit\u00e0 da parte dell&#8217;utente (come il Login), per i quali non occorre alcun consenso.<\/p>\n<p>Utilizzando il sito il visitatore acconsente espressamente all&#8217;uso dei cookies.<\/p>\n<h2>Disabilitazione cookie<\/h2>\n<p>I cookies sono collegati al browser utilizzato e POSSONO ESSERE DISABILITATI DIRETTAMENTE DAL BROWSER, cos\u00ec rifiutando\/revocando il consenso all&#8217;uso dei cookies. Occorre tenere presente che la disabilitazione dei cookies potrebbe impedire il corretto utilizzo di alcune funzioni del sito stesso.<\/p>\n<p>Le istruzioni per la disabilitazione dei cookies si trovano alle seguenti pagine web:<\/p>\n<p><a title=\"Attivare e disattivare i cookie\" href=\"https:\/\/support.mozilla.org\/it\/kb\/Attivare%20e%20disattivare%20i%20cookie\">Mozilla Firefox<\/a> &#8211; <a title=\"Come bloccare, abilitare o consentire i cookie\" href=\"http:\/\/windows.microsoft.com\/it-IT\/windows7\/Block-enable-or-allow-cookies\">Windows Internet Explorer<\/a> &#8211; <a title=\"Gestione dei cookie e dei dati dei siti\" href=\"https:\/\/support.google.com\/chrome\/answer\/95647?hl=it\">Google Chrome<\/a><a href=\"http:\/\/support.google.com\/chrome\/bin\/answer.py?hl=it&amp;answer=95647\"> &#8211; <\/a><a title=\"Cookie\" href=\"http:\/\/help.opera.com\/Windows\/10.00\/it\/cookies.html\">Opera<\/a> &#8211; <a title=\"Impostazioni web per Safari su iPhone, iPad, o iPod touch\" href=\"https:\/\/support.apple.com\/it-it\/HT201265\">Apple Safari<\/a><\/p>\n<h2>Cookies di terze parti<\/h2>\n<p>Il presente sito funge anche da intermediario per cookies di terze parti, utilizzati per poter fornire ulteriori servizi e funzionalit\u00e0 ai visitatori e per migliorare l&#8217;uso del sito stesso, come i pulsanti per i social. La presente privacy policy non si applica ai servizi forniti da terze parti, e questo sito non ha alcun controllo sui loro cookies, interamente gestiti dalle terze parti. Il contratto di cessione dati avviene direttamente tra l&#8217;utente\/visitatore e le terze parti, per cui l&#8217;acquisizione del consenso per detti cookie \u00e8, ovviamente, a carico delle terze parti, mentre questo sito non partecipa in alcun modo a tale cessione. In conseguenza di ci\u00f2 le informazioni sull&#8217;uso dei detti cookies e sulle finalit\u00e0 degli stessi, nonch\u00e9 sulle modalit\u00e0 per l&#8217;eventuale disabilitazione, sono fornite direttamente dalle terze parti alle pagine qui sotto indicate.<\/p>\n<p>In particolare il presente sito utilizza cookies delle seguenti terze parti:<\/p>\n<p>&#8211; Google (Google Analytics cookie): Google Analytics \u00e8 uno strumento di analisi di Google che attraverso l&#8217;uso di cookies (performance cookies), raccoglie dati di navigazione anonimi allo scopo di esaminare l&#8217;uso del sito da parte degli utenti, compilare report sulle attivit\u00e0 nel sito e fornire altre informazioni, compreso il numero dei visitatori e le pagine visitate. Google pu\u00f2 anche trasferire queste informazioni a terzi ove ci\u00f2 sia imposto dalla legge o laddove tali terzi trattino le suddette informazioni per conto di Google. I cookie di Google Analytics possono essere usati altres\u00ec per mostrare risultati pi\u00f9 pertinenti nelle propriet\u00e0 di Google (come la ricerca Google).Google non assocer\u00e0 l&#8217;indirizzo Ip a nessun altro dato posseduto da Google. I dati trasmessi a Google sono depositati presso i server di Google negli Stati Uniti.<\/p>\n<p>Per ulteriori informazioni sull&#8217;uso dei dati e sul loro trattamento da parte di Google si raccomanda di prendere visione delle informazioni alla <a title=\"Norme sulla privacy\" href=\"http:\/\/www.google.com\/intl\/it\/policies\/privacy\/\">pagina predisposta da Google<\/a>.<\/p>\n<p>Ulteriori informazioni sui cookies di Google Analytics si trovano alla <a title=\"Google Analytics Cookie Usage on Websites\" href=\"https:\/\/developers.google.com\/analytics\/devguides\/collection\/analyticsjs\/cookie-usage\">pagina sull&#8217;uso dei cookie<\/a>.<\/p>\n<p>L&#8217;utente pu\u00f2 disabilitare in modo selettivo l&#8217;azione di Google Analytics installando sul proprio l&#8217;<a title=\"Componente aggiuntivo del browser per la disattivazione di Google Analytics\" href=\"https:\/\/tools.google.com\/dlpage\/gaoptout\">apposito componente fornito da Google<\/a> (opt out).<\/p>\n<\/div><\/div><\/div><\/div><\/div><div id=\"s-share-buttons\" class=\"\"><div class=\"s-single-share\">\n\t\t\t\t\t\t\t\t\t\t\t\t<div class=\"fb-share-button\" data-href=\"https:\/\/www.hfarredocontract.com\/en\/cookies\/\" data-type=\"button_count\"><\/div><\/div><div class=\"s-single-share\"><a href=\"https:\/\/twitter.com\/share\" class=\"twitter-share-button\"><\/a>\n\t\t\t\t\t\t\t\t\t\t\t\t<\/div><div class=\"s-single-share\">\n\t\t\t\t\t\t\t\t\t\t\t\t\t<div class=\"g-plusone\" data-size=\"medium\"><\/div>\n\t\t\t\t\t\t\t\t\t\t\t\t\t<\/div><div class=\"s-single-share\">\n\t\t\t\t\t\t\t\t\t\t\t\t\t<script type=\"IN\/Share\" data-counter=\"right\"><\/script>\n\t\t\t\t\t\t\t\t\t\t\t\t<\/div><div class=\"s-single-share\">\n\t\t\t\t\t\t\t\t\t\t\t\t<a href=\"mailto:?Subject=Cookies&Body=Here%20is%20the%20link%20to%20the%20article:%20https:\/\/www.hfarredocontract.com\/en\/cookies\/\" title=\"Email\" class=\"s3-email\"><img src=\"https:\/\/www.hfarredocontract.com\/wp-content\/plugins\/simple-social-share\/includes\/..\/images\/share-email.png\"><\/a>\n\t\t\t\t\t\t\t\t\t\t\t<\/div><\/div>","protected":false},"excerpt":{"rendered":"<p>Cookies Come \u00e8 d&#8217;uso su tutti i siti web, anche questo sito fa uso di cookies, piccoli file di testo che consentono di conservare informazioni sulle preferenze dei visitatori, per [&hellip;]<\/p>\n<p><a href=\"https:\/\/www.hfarredocontract.com\/en\/cookies\/\" class=\"more-link style3-button\">Read More<\/a><\/p>","protected":false},"author":3,"featured_media":0,"parent":0,"menu_order":0,"comment_status":"open","ping_status":"closed","template":"","meta":{"om_disable_all_campaigns":false,"_mi_skip_tracking":false,"_monsterinsights_sitenote_active":false,"_monsterinsights_sitenote_note":"","_monsterinsights_sitenote_category":0,"footnotes":""},"aioseo_notices":[],"yoast_head":"<!-- This site is optimized with the Yoast SEO plugin v21.4 - https:\/\/yoast.com\/wordpress\/plugins\/seo\/ -->\n<title>Cookies - HF Arredo Contract<\/title>\n<meta name=\"robots\" content=\"index, follow, max-snippet:-1, max-image-preview:large, max-video-preview:-1\" \/>\n<link rel=\"canonical\" href=\"https:\/\/www.hfarredocontract.com\/en\/cookies\/\" \/>\n<meta property=\"og:locale\" content=\"en_US\" \/>\n<meta property=\"og:type\" content=\"article\" \/>\n<meta property=\"og:title\" content=\"Cookies - HF Arredo Contract\" \/>\n<meta property=\"og:description\" content=\"Cookies Come \u00e8 d&#8217;uso su tutti i siti web, anche questo sito fa uso di cookies, piccoli file di testo che consentono di conservare informazioni sulle preferenze dei visitatori, per [&hellip;]\" \/>\n<meta property=\"og:url\" content=\"https:\/\/www.hfarredocontract.com\/en\/cookies\/\" \/>\n<meta property=\"og:site_name\" content=\"HF Arredo Contract\" \/>\n<meta property=\"article:modified_time\" content=\"2020-10-07T15:06:39+00:00\" \/>\n<meta name=\"twitter:card\" content=\"summary_large_image\" \/>\n<meta name=\"twitter:label1\" content=\"Est. reading time\" \/>\n\t<meta name=\"twitter:data1\" content=\"3 minutes\" \/>\n<script type=\"application\/ld+json\" class=\"yoast-schema-graph\">{\"@context\":\"https:\/\/schema.org\",\"@graph\":[{\"@type\":\"WebPage\",\"@id\":\"https:\/\/www.hfarredocontract.com\/en\/cookies\/\",\"url\":\"https:\/\/www.hfarredocontract.com\/en\/cookies\/\",\"name\":\"Cookies - HF Arredo Contract\",\"isPartOf\":{\"@id\":\"https:\/\/www.hfarredocontract.com\/#website\"},\"datePublished\":\"2020-10-07T15:03:03+00:00\",\"dateModified\":\"2020-10-07T15:06:39+00:00\",\"breadcrumb\":{\"@id\":\"https:\/\/www.hfarredocontract.com\/en\/cookies\/#breadcrumb\"},\"inLanguage\":\"en-US\",\"potentialAction\":[{\"@type\":\"ReadAction\",\"target\":[\"https:\/\/www.hfarredocontract.com\/en\/cookies\/\"]}]},{\"@type\":\"BreadcrumbList\",\"@id\":\"https:\/\/www.hfarredocontract.com\/en\/cookies\/#breadcrumb\",\"itemListElement\":[{\"@type\":\"ListItem\",\"position\":1,\"name\":\"Home\",\"item\":\"https:\/\/www.hfarredocontract.com\/en\/\"},{\"@type\":\"ListItem\",\"position\":2,\"name\":\"Cookies\"}]},{\"@type\":\"WebSite\",\"@id\":\"https:\/\/www.hfarredocontract.com\/#website\",\"url\":\"https:\/\/www.hfarredocontract.com\/\",\"name\":\"HF Arredo Contract\",\"description\":\"PROGETTI SU MISURA\",\"potentialAction\":[{\"@type\":\"SearchAction\",\"target\":{\"@type\":\"EntryPoint\",\"urlTemplate\":\"https:\/\/www.hfarredocontract.com\/?s={search_term_string}\"},\"query-input\":\"required name=search_term_string\"}],\"inLanguage\":\"en-US\"}]}<\/script>\n<!-- \/ Yoast SEO plugin. -->","yoast_head_json":{"title":"Cookies - HF Arredo Contract","robots":{"index":"index","follow":"follow","max-snippet":"max-snippet:-1","max-image-preview":"max-image-preview:large","max-video-preview":"max-video-preview:-1"},"canonical":"https:\/\/www.hfarredocontract.com\/en\/cookies\/","og_locale":"en_US","og_type":"article","og_title":"Cookies - HF Arredo Contract","og_description":"Cookies Come \u00e8 d&#8217;uso su tutti i siti web, anche questo sito fa uso di cookies, piccoli file di testo che consentono di conservare informazioni sulle preferenze dei visitatori, per [&hellip;]","og_url":"https:\/\/www.hfarredocontract.com\/en\/cookies\/","og_site_name":"HF Arredo Contract","article_modified_time":"2020-10-07T15:06:39+00:00","twitter_card":"summary_large_image","twitter_misc":{"Est. reading time":"3 minutes"},"schema":{"@context":"https:\/\/schema.org","@graph":[{"@type":"WebPage","@id":"https:\/\/www.hfarredocontract.com\/en\/cookies\/","url":"https:\/\/www.hfarredocontract.com\/en\/cookies\/","name":"Cookies - HF Arredo Contract","isPartOf":{"@id":"https:\/\/www.hfarredocontract.com\/#website"},"datePublished":"2020-10-07T15:03:03+00:00","dateModified":"2020-10-07T15:06:39+00:00","breadcrumb":{"@id":"https:\/\/www.hfarredocontract.com\/en\/cookies\/#breadcrumb"},"inLanguage":"en-US","potentialAction":[{"@type":"ReadAction","target":["https:\/\/www.hfarredocontract.com\/en\/cookies\/"]}]},{"@type":"BreadcrumbList","@id":"https:\/\/www.hfarredocontract.com\/en\/cookies\/#breadcrumb","itemListElement":[{"@type":"ListItem","position":1,"name":"Home","item":"https:\/\/www.hfarredocontract.com\/en\/"},{"@type":"ListItem","position":2,"name":"Cookies"}]},{"@type":"WebSite","@id":"https:\/\/www.hfarredocontract.com\/#website","url":"https:\/\/www.hfarredocontract.com\/","name":"HF Arredo Contract","description":"PROGETTI SU MISURA","potentialAction":[{"@type":"SearchAction","target":{"@type":"EntryPoint","urlTemplate":"https:\/\/www.hfarredocontract.com\/?s={search_term_string}"},"query-input":"required name=search_term_string"}],"inLanguage":"en-US"}]}},"_links":{"self":[{"href":"https:\/\/www.hfarredocontract.com\/en\/wp-json\/wp\/v2\/pages\/4664"}],"collection":[{"href":"https:\/\/www.hfarredocontract.com\/en\/wp-json\/wp\/v2\/pages"}],"about":[{"href":"https:\/\/www.hfarredocontract.com\/en\/wp-json\/wp\/v2\/types\/page"}],"author":[{"embeddable":true,"href":"https:\/\/www.hfarredocontract.com\/en\/wp-json\/wp\/v2\/users\/3"}],"replies":[{"embeddable":true,"href":"https:\/\/www.hfarredocontract.com\/en\/wp-json\/wp\/v2\/comments?post=4664"}],"version-history":[{"count":2,"href":"https:\/\/www.hfarredocontract.com\/en\/wp-json\/wp\/v2\/pages\/4664\/revisions"}],"predecessor-version":[{"id":4671,"href":"https:\/\/www.hfarredocontract.com\/en\/wp-json\/wp\/v2\/pages\/4664\/revisions\/4671"}],"wp:attachment":[{"href":"https:\/\/www.hfarredocontract.com\/en\/wp-json\/wp\/v2\/media?parent=4664"}],"curies":[{"name":"wp","href":"https:\/\/api.w.org\/{rel}","templated":true}]}}